{"id":5,"date":"2025-04-22T12:17:03","date_gmt":"2025-04-22T10:17:03","guid":{"rendered":"https:\/\/pw-design.jfl-staging.de\/design-zwei\/?page_id=5"},"modified":"2025-04-24T11:06:28","modified_gmt":"2025-04-24T09:06:28","slug":"startseite","status":"publish","type":"page","link":"https:\/\/pw-design.jfl-staging.de\/design-zwei\/","title":{"rendered":"Startseite"},"content":{"rendered":"\n<div class=\"wp-block-group alignfull has-global-padding is-layout-constrained wp-container-core-group-is-layout-490fa1db wp-block-group-is-layout-constrained\" style=\"padding-top:var(--wp--preset--spacing--50);padding-right:var(--wp--preset--spacing--50);padding-bottom:var(--wp--preset--spacing--50);padding-left:var(--wp--preset--spacing--50)\">\n<div class=\"wp-block-group has-global-padding is-layout-constrained wp-container-core-group-is-layout-650790e1 wp-block-group-is-layout-constrained\">\n<h1 class=\"wp-block-heading has-text-align-center is-style-default has-accent-3-color has-text-color has-link-color has-x-large-font-size wp-elements-b6aff3f33d55f4105ec7853334a3c450\">Many paths, one world<\/h1>\n\n\n\n<div style=\"height:1.25rem\" aria-hidden=\"true\" class=\"wp-block-spacer\"><\/div>\n\n\n\n<p class=\"has-text-align-center\">\u201eEntwicklungshilfe\u201c stand auf dem Etikett, als ich 1989 meinen ersten Einsatz in Afrika hatte. \u201eEntwicklungszusammenarbeit\u201c hie\u00df es sp\u00e4ter, als ich auch in Asien und in der Karibik t\u00e4tig war.<\/p>\n\n\n\n<p class=\"has-text-align-center\">Beide Begriffe sind Etiketten. Sie sind von meinen Erinnerungskisten abgefallen. Vergilbte Notizzettel ragen aus ihnen heraus. Ich fange an, zu w\u00fchlen. Wie Perlen blinken Anekdoten auf. Afrikanische Blue Notes vermischen sich mit Steel Drums der Karibik und indischen Sitar Kl\u00e4ngen. Schatten-Schicksale dr\u00e4ngen nach vorne. Aber auch das Lachen und die W\u00e4rme der Menschen, die ich traf.<\/p>\n\n\n\n<p class=\"has-text-align-center\">Dar\u00fcber m\u00f6chte ich berichten \u2013 in Erz\u00e4hlungen, Anekdoten und Reflexionen. Ich freue mich auf eure R\u00fcckmeldungen!<\/p>\n\n\n\n<div style=\"height:1.25rem\" aria-hidden=\"true\" class=\"wp-block-spacer\"><\/div>\n<\/div>\n\n\n\n<div style=\"height:var(--wp--preset--spacing--30)\" aria-hidden=\"true\" class=\"wp-block-spacer\"><\/div>\n\n\n\n<figure class=\"wp-block-image alignwide size-full is-style-rounded is-style-rounded--1\"><img loading=\"lazy\" decoding=\"async\" width=\"2560\" height=\"1479\" src=\"https:\/\/pw-design.jfl-staging.de\/design-zwei\/wp-content\/uploads\/sites\/2\/2025\/04\/northern-buttercups-flowers-scaled.webp\" alt=\"\" class=\"wp-image-107\" srcset=\"https:\/\/pw-design.jfl-staging.de\/design-zwei\/wp-content\/uploads\/sites\/2\/2025\/04\/northern-buttercups-flowers-scaled.webp 2560w, https:\/\/pw-design.jfl-staging.de\/design-zwei\/wp-content\/uploads\/sites\/2\/2025\/04\/northern-buttercups-flowers-300x173.webp 300w, https:\/\/pw-design.jfl-staging.de\/design-zwei\/wp-content\/uploads\/sites\/2\/2025\/04\/northern-buttercups-flowers-1024x592.webp 1024w, https:\/\/pw-design.jfl-staging.de\/design-zwei\/wp-content\/uploads\/sites\/2\/2025\/04\/northern-buttercups-flowers-768x444.webp 768w, https:\/\/pw-design.jfl-staging.de\/design-zwei\/wp-content\/uploads\/sites\/2\/2025\/04\/northern-buttercups-flowers-1536x887.webp 1536w, https:\/\/pw-design.jfl-staging.de\/design-zwei\/wp-content\/uploads\/sites\/2\/2025\/04\/northern-buttercups-flowers-2048x1183.webp 2048w\" sizes=\"auto, (max-width: 2560px) 100vw, 2560px\" \/><\/figure>\n<\/div>\n\n\n\n<div class=\"wp-block-group alignfull has-global-padding is-layout-constrained wp-container-core-group-is-layout-d89aad35 wp-block-group-is-layout-constrained\" style=\"margin-top:0;margin-bottom:0;padding-top:var(--wp--preset--spacing--50);padding-right:var(--wp--preset--spacing--50);padding-bottom:var(--wp--preset--spacing--50);padding-left:var(--wp--preset--spacing--50)\">\n<h2 class=\"wp-block-heading alignwide is-style-default has-accent-3-color has-text-color has-link-color has-x-large-font-size wp-elements-262a023a3189c2ac550953d847a63a64\" style=\"margin-top:0;margin-bottom:var(--wp--preset--spacing--40);line-height:1\">Neue Beitr\u00e4ge<\/h2>\n\n\n\n<div class=\"wp-block-group alignwide has-global-padding is-layout-constrained wp-block-group-is-layout-constrained\">\n<div class=\"wp-block-query alignwide is-layout-flow wp-block-query-is-layout-flow\"><ul class=\"wp-block-post-template is-layout-flow wp-block-post-template-is-layout-flow\"><li class=\"wp-block-post post-18 post type-post status-publish format-standard hentry category-erzaehlungen\">\n\n<hr class=\"wp-block-separator has-text-color has-contrast-3-color has-alpha-channel-opacity has-contrast-3-background-color has-background alignwide is-style-wide\"\/>\n\n\n\n<div class=\"wp-block-columns alignwide are-vertically-aligned-center is-layout-flex wp-container-core-columns-is-layout-33233fb6 wp-block-columns-is-layout-flex\" style=\"margin-top:var(--wp--preset--spacing--20);margin-bottom:var(--wp--preset--spacing--20)\">\n<div class=\"wp-block-column is-vertically-aligned-center is-layout-flow wp-block-column-is-layout-flow\" style=\"flex-basis:72%\"><h2 style=\"font-size:clamp(0.984rem, 0.984rem + ((1vw - 0.2rem) * 0.86), 1.5rem);line-height:1.1;\" class=\"wp-block-post-title\"><a href=\"https:\/\/pw-design.jfl-staging.de\/design-zwei\/2025\/04\/17\/stonecrusher\/\" target=\"_self\" >Stonecrusher<\/a><\/h2><\/div>\n\n\n\n<div class=\"wp-block-column is-vertically-aligned-center is-layout-flow wp-block-column-is-layout-flow\" style=\"flex-basis:28%\"><div class=\"wp-block-template-part\">\n<div class=\"wp-block-group has-global-padding is-layout-constrained wp-block-group-is-layout-constrained\">\n<div class=\"wp-block-group is-content-justification-left is-layout-flex wp-container-core-group-is-layout-dfe8e91f wp-block-group-is-layout-flex\"><div class=\"wp-block-post-date\"><time datetime=\"2025-04-17T15:58:12+02:00\"><a href=\"https:\/\/pw-design.jfl-staging.de\/design-zwei\/2025\/04\/17\/stonecrusher\/\">17. April 2025<\/a><\/time><\/div>\n\n\n<p class=\"has-contrast-2-color has-text-color\">\u2014<\/p>\n\n\n\n<p class=\"has-contrast-2-color has-text-color has-small-font-size\">von<\/p>\n\n\n<div class=\"wp-block-post-author-name\"><a href=\"https:\/\/pw-design.jfl-staging.de\/design-zwei\/author\/admpwtt\/\" target=\"_self\" class=\"wp-block-post-author-name__link\">adm@pwtt<\/a><\/div>\n\n<div class=\"taxonomy-category wp-block-post-terms\"><span class=\"wp-block-post-terms__prefix\">in <\/span><a href=\"https:\/\/pw-design.jfl-staging.de\/design-zwei\/category\/erzaehlungen\/\" rel=\"tag\">Erz\u00e4hlungen<\/a><\/div><\/div>\n<\/div>\n<\/div><\/div>\n<\/div>\n\n<\/li><li class=\"wp-block-post post-17 post type-post status-publish format-standard hentry category-erzaehlungen\">\n\n<hr class=\"wp-block-separator has-text-color has-contrast-3-color has-alpha-channel-opacity has-contrast-3-background-color has-background alignwide is-style-wide\"\/>\n\n\n\n<div class=\"wp-block-columns alignwide are-vertically-aligned-center is-layout-flex wp-container-core-columns-is-layout-33233fb6 wp-block-columns-is-layout-flex\" style=\"margin-top:var(--wp--preset--spacing--20);margin-bottom:var(--wp--preset--spacing--20)\">\n<div class=\"wp-block-column is-vertically-aligned-center is-layout-flow wp-block-column-is-layout-flow\" style=\"flex-basis:72%\"><h2 style=\"font-size:clamp(0.984rem, 0.984rem + ((1vw - 0.2rem) * 0.86), 1.5rem);line-height:1.1;\" class=\"wp-block-post-title\"><a href=\"https:\/\/pw-design.jfl-staging.de\/design-zwei\/2025\/04\/17\/to-be-someone\/\" target=\"_self\" >To be someone<\/a><\/h2><\/div>\n\n\n\n<div class=\"wp-block-column is-vertically-aligned-center is-layout-flow wp-block-column-is-layout-flow\" style=\"flex-basis:28%\"><div class=\"wp-block-template-part\">\n<div class=\"wp-block-group has-global-padding is-layout-constrained wp-block-group-is-layout-constrained\">\n<div class=\"wp-block-group is-content-justification-left is-layout-flex wp-container-core-group-is-layout-dfe8e91f wp-block-group-is-layout-flex\"><div class=\"wp-block-post-date\"><time datetime=\"2025-04-17T15:56:43+02:00\"><a href=\"https:\/\/pw-design.jfl-staging.de\/design-zwei\/2025\/04\/17\/to-be-someone\/\">17. April 2025<\/a><\/time><\/div>\n\n\n<p class=\"has-contrast-2-color has-text-color\">\u2014<\/p>\n\n\n\n<p class=\"has-contrast-2-color has-text-color has-small-font-size\">von<\/p>\n\n\n<div class=\"wp-block-post-author-name\"><a href=\"https:\/\/pw-design.jfl-staging.de\/design-zwei\/author\/admpwtt\/\" target=\"_self\" class=\"wp-block-post-author-name__link\">adm@pwtt<\/a><\/div>\n\n<div class=\"taxonomy-category wp-block-post-terms\"><span class=\"wp-block-post-terms__prefix\">in <\/span><a href=\"https:\/\/pw-design.jfl-staging.de\/design-zwei\/category\/erzaehlungen\/\" rel=\"tag\">Erz\u00e4hlungen<\/a><\/div><\/div>\n<\/div>\n<\/div><\/div>\n<\/div>\n\n<\/li><li class=\"wp-block-post post-16 post type-post status-publish format-standard hentry category-reflektionen\">\n\n<hr class=\"wp-block-separator has-text-color has-contrast-3-color has-alpha-channel-opacity has-contrast-3-background-color has-background alignwide is-style-wide\"\/>\n\n\n\n<div class=\"wp-block-columns alignwide are-vertically-aligned-center is-layout-flex wp-container-core-columns-is-layout-33233fb6 wp-block-columns-is-layout-flex\" style=\"margin-top:var(--wp--preset--spacing--20);margin-bottom:var(--wp--preset--spacing--20)\">\n<div class=\"wp-block-column is-vertically-aligned-center is-layout-flow wp-block-column-is-layout-flow\" style=\"flex-basis:72%\"><h2 style=\"font-size:clamp(0.984rem, 0.984rem + ((1vw - 0.2rem) * 0.86), 1.5rem);line-height:1.1;\" class=\"wp-block-post-title\"><a href=\"https:\/\/pw-design.jfl-staging.de\/design-zwei\/2025\/04\/17\/gesehen-werden\/\" target=\"_self\" >Gesehen werden<\/a><\/h2><\/div>\n\n\n\n<div class=\"wp-block-column is-vertically-aligned-center is-layout-flow wp-block-column-is-layout-flow\" style=\"flex-basis:28%\"><div class=\"wp-block-template-part\">\n<div class=\"wp-block-group has-global-padding is-layout-constrained wp-block-group-is-layout-constrained\">\n<div class=\"wp-block-group is-content-justification-left is-layout-flex wp-container-core-group-is-layout-dfe8e91f wp-block-group-is-layout-flex\"><div class=\"wp-block-post-date\"><time datetime=\"2025-04-17T15:48:31+02:00\"><a href=\"https:\/\/pw-design.jfl-staging.de\/design-zwei\/2025\/04\/17\/gesehen-werden\/\">17. April 2025<\/a><\/time><\/div>\n\n\n<p class=\"has-contrast-2-color has-text-color\">\u2014<\/p>\n\n\n\n<p class=\"has-contrast-2-color has-text-color has-small-font-size\">von<\/p>\n\n\n<div class=\"wp-block-post-author-name\"><a href=\"https:\/\/pw-design.jfl-staging.de\/design-zwei\/author\/admpwtt\/\" target=\"_self\" class=\"wp-block-post-author-name__link\">adm@pwtt<\/a><\/div>\n\n<div class=\"taxonomy-category wp-block-post-terms\"><span class=\"wp-block-post-terms__prefix\">in <\/span><a href=\"https:\/\/pw-design.jfl-staging.de\/design-zwei\/category\/reflektionen\/\" rel=\"tag\">Reflektionen<\/a><\/div><\/div>\n<\/div>\n<\/div><\/div>\n<\/div>\n\n<\/li><li class=\"wp-block-post post-10 post type-post status-publish format-standard hentry category-allgemein\">\n\n<hr class=\"wp-block-separator has-text-color has-contrast-3-color has-alpha-channel-opacity has-contrast-3-background-color has-background alignwide is-style-wide\"\/>\n\n\n\n<div class=\"wp-block-columns alignwide are-vertically-aligned-center is-layout-flex wp-container-core-columns-is-layout-33233fb6 wp-block-columns-is-layout-flex\" style=\"margin-top:var(--wp--preset--spacing--20);margin-bottom:var(--wp--preset--spacing--20)\">\n<div class=\"wp-block-column is-vertically-aligned-center is-layout-flow wp-block-column-is-layout-flow\" style=\"flex-basis:72%\"><h2 style=\"font-size:clamp(0.984rem, 0.984rem + ((1vw - 0.2rem) * 0.86), 1.5rem);line-height:1.1;\" class=\"wp-block-post-title\"><a href=\"https:\/\/pw-design.jfl-staging.de\/design-zwei\/2025\/04\/10\/hallo-welt-2\/\" target=\"_self\" >Hallo Welt!<\/a><\/h2><\/div>\n\n\n\n<div class=\"wp-block-column is-vertically-aligned-center is-layout-flow wp-block-column-is-layout-flow\" style=\"flex-basis:28%\"><div class=\"wp-block-template-part\">\n<div class=\"wp-block-group has-global-padding is-layout-constrained wp-block-group-is-layout-constrained\">\n<div class=\"wp-block-group is-content-justification-left is-layout-flex wp-container-core-group-is-layout-dfe8e91f wp-block-group-is-layout-flex\"><div class=\"wp-block-post-date\"><time datetime=\"2025-04-10T14:22:56+02:00\"><a href=\"https:\/\/pw-design.jfl-staging.de\/design-zwei\/2025\/04\/10\/hallo-welt-2\/\">10. April 2025<\/a><\/time><\/div>\n\n\n<p class=\"has-contrast-2-color has-text-color\">\u2014<\/p>\n\n\n\n<p class=\"has-contrast-2-color has-text-color has-small-font-size\">von<\/p>\n\n\n<div class=\"wp-block-post-author-name\"><a href=\"https:\/\/pw-design.jfl-staging.de\/design-zwei\/author\/admpwtt\/\" target=\"_self\" class=\"wp-block-post-author-name__link\">adm@pwtt<\/a><\/div>\n\n<div class=\"taxonomy-category wp-block-post-terms\"><span class=\"wp-block-post-terms__prefix\">in <\/span><a href=\"https:\/\/pw-design.jfl-staging.de\/design-zwei\/category\/allgemein\/\" rel=\"tag\">Allgemein<\/a><\/div><\/div>\n<\/div>\n<\/div><\/div>\n<\/div>\n\n<\/li><\/ul>\n\n\n<div style=\"height:var(--wp--preset--spacing--30)\" aria-hidden=\"true\" class=\"wp-block-spacer\"><\/div>\n\n\n\n\n<\/div>\n<\/div>\n<\/div>\n","protected":false},"excerpt":{"rendered":"<p>Many paths, one world \u201eEntwicklungshilfe\u201c stand auf dem Etikett, als ich 1989 meinen ersten Einsatz in Afrika hatte. \u201eEntwicklungszusammenarbeit\u201c hie\u00df es sp\u00e4ter, als ich auch in Asien und in der Karibik t\u00e4tig war. Beide Begriffe sind Etiketten. Sie sind von meinen Erinnerungskisten abgefallen. Vergilbte Notizzettel ragen aus ihnen heraus. Ich fange an, zu w\u00fchlen. Wie [&hellip;]<\/p>\n","protected":false},"author":1,"featured_media":0,"parent":0,"menu_order":0,"comment_status":"closed","ping_status":"closed","template":"page-no-title","meta":{"footnotes":""},"class_list":["post-5","page","type-page","status-publish","hentry"],"_links":{"self":[{"href":"https:\/\/pw-design.jfl-staging.de\/design-zwei\/wp-json\/wp\/v2\/pages\/5","targetHints":{"allow":["GET"]}}],"collection":[{"href":"https:\/\/pw-design.jfl-staging.de\/design-zwei\/wp-json\/wp\/v2\/pages"}],"about":[{"href":"https:\/\/pw-design.jfl-staging.de\/design-zwei\/wp-json\/wp\/v2\/types\/page"}],"author":[{"embeddable":true,"href":"https:\/\/pw-design.jfl-staging.de\/design-zwei\/wp-json\/wp\/v2\/users\/1"}],"replies":[{"embeddable":true,"href":"https:\/\/pw-design.jfl-staging.de\/design-zwei\/wp-json\/wp\/v2\/comments?post=5"}],"version-history":[{"count":25,"href":"https:\/\/pw-design.jfl-staging.de\/design-zwei\/wp-json\/wp\/v2\/pages\/5\/revisions"}],"predecessor-version":[{"id":108,"href":"https:\/\/pw-design.jfl-staging.de\/design-zwei\/wp-json\/wp\/v2\/pages\/5\/revisions\/108"}],"wp:attachment":[{"href":"https:\/\/pw-design.jfl-staging.de\/design-zwei\/wp-json\/wp\/v2\/media?parent=5"}],"curies":[{"name":"wp","href":"https:\/\/api.w.org\/{rel}","templated":true}]}}