{"id":40,"date":"2025-04-22T11:44:43","date_gmt":"2025-04-22T09:44:43","guid":{"rendered":"https:\/\/pw-design.jfl-staging.de\/?page_id=40"},"modified":"2025-04-24T14:14:55","modified_gmt":"2025-04-24T12:14:55","slug":"startseite","status":"publish","type":"page","link":"https:\/\/pw-design.jfl-staging.de\/design-eins-b\/","title":{"rendered":"Willkommen"},"content":{"rendered":"\n<div style=\"height:2em\" aria-hidden=\"true\" class=\"wp-block-spacer\"><\/div>\n\n\n\n<div class=\"wp-block-cover alignwide has-custom-content-position is-position-bottom-center\" style=\"margin-top:0;margin-bottom:0;padding-top:var(--wp--preset--spacing--50);padding-right:var(--wp--preset--spacing--50);padding-bottom:var(--wp--preset--spacing--50);padding-left:var(--wp--preset--spacing--50);min-height:640px;aspect-ratio:unset;\"><img decoding=\"async\" class=\"wp-block-cover__image-background\" alt=\"Bild einer Blume\" src=\"https:\/\/pw-design.jfl-staging.de\/wp-content\/themes\/twentytwentyfive\/assets\/images\/northern-buttercups-flowers.webp\" data-object-fit=\"cover\"\/><span aria-hidden=\"true\" class=\"wp-block-cover__background has-background-dim-10 has-background-dim\"><\/span><div class=\"wp-block-cover__inner-container has-global-padding is-layout-constrained wp-container-core-cover-is-layout-d89aad35 wp-block-cover-is-layout-constrained\">\n<div class=\"wp-block-group alignwide has-global-padding is-content-justification-left is-layout-constrained wp-container-core-group-is-layout-12dd3699 wp-block-group-is-layout-constrained\">\n<h2 class=\"wp-block-heading has-text-align-left is-style-default has-accent-5-color has-text-color has-link-color has-xx-large-font-size wp-elements-858ddf80905bd4af0bf291eb04593ddf\">What ya doin` here; white man?<\/h2>\n\n\n\n<p class=\"has-accent-5-color has-text-color has-link-color wp-elements-1b09972e57d3eb095dcb91fb1eff8ded\">Meine 35 Jahre in der Entwicklungshilfe. <br>Pers\u00f6nlich. Ehrlich. Kontrovers.<\/p>\n<\/div>\n<\/div><\/div>\n\n\n\n<div class=\"wp-block-group alignwide is-style-section-1 has-global-padding is-layout-constrained wp-container-core-group-is-layout-0c9c989a wp-block-group-is-layout-constrained is-style-section-1--1\" style=\"min-height:0vh;margin-top:0;margin-bottom:0;padding-top:var(--wp--preset--spacing--70);padding-right:var(--wp--preset--spacing--40);padding-bottom:var(--wp--preset--spacing--70);padding-left:var(--wp--preset--spacing--40)\">\n<div class=\"wp-block-group has-global-padding is-layout-constrained wp-container-core-group-is-layout-346627ba wp-block-group-is-layout-constrained\">\n<p class=\"has-text-align-center\"><strong>\u201eEntwicklungshilfe\u201c stand auf dem Etikett, als ich 1989 meinen ersten Einsatz in Afrika hatte. \u201eEntwicklungszusammenarbeit\u201c hie\u00df es sp\u00e4ter, als ich auch in Asien und in der Karibik t\u00e4tig war.<\/strong><\/p>\n\n\n\n<p class=\"has-text-align-center\">Beide Begriffe sind Etiketten. Sie sind von meinen Erinnerungskisten abgefallen. Vergilbte Notizzettel ragen aus ihnen heraus. Ich fange an, zu w\u00fchlen. Wie Perlen blinken Anekdoten auf. Afrikanische Blue Notes vermischen sich mit Steel Drums der Karibik und indischen Sitar Kl\u00e4ngen. Schatten-Schicksale dr\u00e4ngen nach vorne. Aber auch das Lachen und die W\u00e4rme der Menschen, die ich traf.<\/p>\n\n\n\n<p class=\"has-text-align-center\">Dar\u00fcber m\u00f6chte ich berichten \u2013 in Erz\u00e4hlungen, Anekdoten und Reflexionen. Ich freue mich auf eure R\u00fcckmeldungen!<\/p>\n<\/div>\n<\/div>\n\n\n\n<div style=\"height:50px\" aria-hidden=\"true\" class=\"wp-block-spacer\"><\/div>\n\n\n\n<h2 class=\"wp-block-heading alignwide has-text-align-center is-style-default has-accent-4-color has-text-color has-link-color wp-elements-5a7fd44021314c379cec720a7f094465\">Neue Beitr\u00e4ge<\/h2>\n\n\n\n<div class=\"wp-block-query alignwide is-layout-flow wp-block-query-is-layout-flow\"><ul class=\"columns-3 wp-block-post-template is-layout-grid wp-container-core-post-template-is-layout-6d3fbd8f wp-block-post-template-is-layout-grid\"><li class=\"wp-block-post post-15 post type-post status-publish format-standard hentry category-allgemein\">\n\n<div class=\"wp-block-group is-layout-flow wp-block-group-is-layout-flow\" style=\"padding-top:30px;padding-right:30px;padding-bottom:30px;padding-left:30px\"><h2 class=\"wp-block-post-title\"><a href=\"https:\/\/pw-design.jfl-staging.de\/design-eins-b\/2025\/04\/17\/stonecrusher\/\" target=\"_self\" >Stonecrusher<\/a><\/h2>\n\n<div class=\"wp-block-post-date\"><time datetime=\"2025-04-17T15:58:12+02:00\">17. April 2025<\/time><\/div>\n\n<div class=\"wp-block-post-excerpt\"><p class=\"wp-block-post-excerpt__excerpt\">Mein Name ist Nneka. Ich bin 16 Jahre alt. Ich bin Stone-Crusher. Wenn du in Sambia von Lusaka nach Harare f\u00e4hrst, wirst du mich sehen. Du musst bei meinem Steinh\u00fcgel halten und Schotter kaufen. Es ist der Beste; ich habe ihn selbst kleingeschlagen. Um ihn herzustellen schleppen M\u00e4nner Felsbrocken zum Stra\u00dfenrand. Einer hebt seinen Vorschlaghammer&hellip; <\/p><\/div><\/div>\n\n<\/li><li class=\"wp-block-post post-13 post type-post status-publish format-standard hentry category-erzaehlungen\">\n\n<div class=\"wp-block-group is-layout-flow wp-block-group-is-layout-flow\" style=\"padding-top:30px;padding-right:30px;padding-bottom:30px;padding-left:30px\"><h2 class=\"wp-block-post-title\"><a href=\"https:\/\/pw-design.jfl-staging.de\/design-eins-b\/2025\/04\/17\/to-be-someone\/\" target=\"_self\" >To be someone<\/a><\/h2>\n\n<div class=\"wp-block-post-date\"><time datetime=\"2025-04-17T15:56:43+02:00\">17. April 2025<\/time><\/div>\n\n<div class=\"wp-block-post-excerpt\"><p class=\"wp-block-post-excerpt__excerpt\">Das Klacken eines Absatzes ist auf dem Gang zu h\u00f6ren. Pause. Ein weiteres Klacken. Pause. Die T\u00fcrklinke senkt sich. Ein St\u00f6ckelschuh erscheint im Spalt; knarrend schwingt die T\u00fcre auf. \u201eBonjour\u201c, meint Fatouma. Aber ihre Stimme klingt nicht nach einem guten Tag, sie klingt nach Unbehagen. Weil sie heute auf den Handwerkermarkt Katako muss. Die Wege&hellip; <\/p><\/div><\/div>\n\n<\/li><li class=\"wp-block-post post-12 post type-post status-publish format-standard hentry category-reflektionen\">\n\n<div class=\"wp-block-group is-layout-flow wp-block-group-is-layout-flow\" style=\"padding-top:30px;padding-right:30px;padding-bottom:30px;padding-left:30px\"><h2 class=\"wp-block-post-title\"><a href=\"https:\/\/pw-design.jfl-staging.de\/design-eins-b\/2025\/04\/17\/gesehen-werden\/\" target=\"_self\" >Gesehen werden<\/a><\/h2>\n\n<div class=\"wp-block-post-date\"><time datetime=\"2025-04-17T15:48:31+02:00\">17. April 2025<\/time><\/div>\n\n<div class=\"wp-block-post-excerpt\"><p class=\"wp-block-post-excerpt__excerpt\">\u201eDas ist das erste Mal, dass jemand hierherkommt und mir zuh\u00f6rt.\u201c Bis heute erinnere mich an das Gesicht der jungen Frau, die das sagte. Irgendwo weitab von den Metropolen. In einem Land im S\u00fcden Afrikas. Sie stellte Seife her, daran erinnere mich. Und Marmelade sowie getrocknete Fr\u00fcchte. Die kleine Boutique, in der sie ihre Waren&hellip; <\/p><\/div><\/div>\n\n<\/li><\/ul><\/div>\n","protected":false},"excerpt":{"rendered":"<p>\u201eEntwicklungshilfe\u201c stand auf dem Etikett, als ich 1989 meinen ersten Einsatz in Afrika hatte. \u201eEntwicklungszusammenarbeit\u201c hie\u00df es sp\u00e4ter, als ich auch in Asien und in der Karibik t\u00e4tig war. Beide Begriffe sind Etiketten. Sie sind von meinen Erinnerungskisten abgefallen. Vergilbte Notizzettel ragen aus ihnen heraus. Ich fange an, zu w\u00fchlen. Wie Perlen blinken Anekdoten auf. [&hellip;]<\/p>\n","protected":false},"author":1,"featured_media":0,"parent":0,"menu_order":0,"comment_status":"closed","ping_status":"closed","template":"page-no-title","meta":{"footnotes":""},"class_list":["post-40","page","type-page","status-publish","hentry"],"_links":{"self":[{"href":"https:\/\/pw-design.jfl-staging.de\/design-eins-b\/wp-json\/wp\/v2\/pages\/40","targetHints":{"allow":["GET"]}}],"collection":[{"href":"https:\/\/pw-design.jfl-staging.de\/design-eins-b\/wp-json\/wp\/v2\/pages"}],"about":[{"href":"https:\/\/pw-design.jfl-staging.de\/design-eins-b\/wp-json\/wp\/v2\/types\/page"}],"author":[{"embeddable":true,"href":"https:\/\/pw-design.jfl-staging.de\/design-eins-b\/wp-json\/wp\/v2\/users\/1"}],"replies":[{"embeddable":true,"href":"https:\/\/pw-design.jfl-staging.de\/design-eins-b\/wp-json\/wp\/v2\/comments?post=40"}],"version-history":[{"count":22,"href":"https:\/\/pw-design.jfl-staging.de\/design-eins-b\/wp-json\/wp\/v2\/pages\/40\/revisions"}],"predecessor-version":[{"id":81,"href":"https:\/\/pw-design.jfl-staging.de\/design-eins-b\/wp-json\/wp\/v2\/pages\/40\/revisions\/81"}],"wp:attachment":[{"href":"https:\/\/pw-design.jfl-staging.de\/design-eins-b\/wp-json\/wp\/v2\/media?parent=40"}],"curies":[{"name":"wp","href":"https:\/\/api.w.org\/{rel}","templated":true}]}}