{"id":31,"date":"2025-04-22T11:20:28","date_gmt":"2025-04-22T09:20:28","guid":{"rendered":"https:\/\/pw-design.jfl-staging.de\/?page_id=31"},"modified":"2025-04-24T14:22:22","modified_gmt":"2025-04-24T12:22:22","slug":"blog","status":"publish","type":"page","link":"https:\/\/pw-design.jfl-staging.de\/design-eins-b\/blog\/","title":{"rendered":"Blog"},"content":{"rendered":"\n<div class=\"wp-block-group alignwide is-style-section-1 is-content-justification-center is-nowrap is-layout-flex wp-container-core-group-is-layout-bc2b2399 wp-block-group-is-layout-flex is-style-section-1--1\" style=\"margin-top:0;margin-bottom:0;padding-top:var(--wp--preset--spacing--60);padding-bottom:var(--wp--preset--spacing--60)\">\n<div class=\"wp-block-buttons alignwide has-custom-font-size has-medium-font-size is-content-justification-center is-layout-flex wp-container-core-buttons-is-layout-c124d1c4 wp-block-buttons-is-layout-flex\">\n<div class=\"wp-block-button\"><a class=\"wp-block-button__link has-accent-4-color has-base-background-color has-text-color has-background has-link-color wp-element-button\" href=\"https:\/\/pw-design.jfl-staging.de\/design-eins-b\/category\/erzaehlungen\/\" style=\"border-radius:0px;padding-top:var(--wp--preset--spacing--50);padding-right:var(--wp--preset--spacing--50);padding-bottom:var(--wp--preset--spacing--50);padding-left:var(--wp--preset--spacing--50)\"><strong>Erz\u00e4hlungen<\/strong><\/a><\/div>\n\n\n\n<div class=\"wp-block-button\"><a class=\"wp-block-button__link has-accent-4-color has-base-background-color has-text-color has-background has-link-color wp-element-button\" style=\"border-radius:0px;padding-top:var(--wp--preset--spacing--50);padding-right:var(--wp--preset--spacing--50);padding-bottom:var(--wp--preset--spacing--50);padding-left:var(--wp--preset--spacing--50)\"><strong>Reflektionen<\/strong><\/a><\/div>\n\n\n\n<div class=\"wp-block-button\"><a class=\"wp-block-button__link has-accent-4-color has-base-background-color has-text-color has-background has-link-color wp-element-button\" style=\"border-radius:0px;padding-top:var(--wp--preset--spacing--50);padding-right:var(--wp--preset--spacing--50);padding-bottom:var(--wp--preset--spacing--50);padding-left:var(--wp--preset--spacing--50)\"><strong>Best and worst practices<\/strong><\/a><\/div>\n\n\n\n<div class=\"wp-block-button\"><a class=\"wp-block-button__link has-accent-4-color has-base-background-color has-text-color has-background has-link-color wp-element-button\" style=\"border-style:none;border-width:0px;border-radius:0px;padding-top:var(--wp--preset--spacing--50);padding-right:var(--wp--preset--spacing--50);padding-bottom:var(--wp--preset--spacing--50);padding-left:var(--wp--preset--spacing--50)\"><strong>Anekdoten und Miniaturen<\/strong><\/a><\/div>\n<\/div>\n<\/div>\n\n\n\n<div class=\"wp-block-query alignwide is-layout-flow wp-block-query-is-layout-flow\"><ul class=\"columns-3 wp-block-post-template is-layout-grid wp-container-core-post-template-is-layout-6d3fbd8f wp-block-post-template-is-layout-grid\"><li class=\"wp-block-post post-15 post type-post status-publish format-standard hentry category-allgemein\">\n\n<div class=\"wp-block-group is-layout-flow wp-block-group-is-layout-flow\" style=\"padding-top:30px;padding-right:30px;padding-bottom:30px;padding-left:30px\"><h2 class=\"wp-block-post-title\"><a href=\"https:\/\/pw-design.jfl-staging.de\/design-eins-b\/2025\/04\/17\/stonecrusher\/\" target=\"_self\" >Stonecrusher<\/a><\/h2>\n\n<div class=\"wp-block-post-date\"><time datetime=\"2025-04-17T15:58:12+02:00\">17. April 2025<\/time><\/div>\n\n<div class=\"wp-block-post-excerpt\"><p class=\"wp-block-post-excerpt__excerpt\">Mein Name ist Nneka. Ich bin 16 Jahre alt. Ich bin Stone-Crusher. Wenn du in Sambia von Lusaka nach Harare f\u00e4hrst, wirst du mich sehen. Du musst bei meinem Steinh\u00fcgel halten und Schotter kaufen. Es ist der Beste; ich habe ihn selbst kleingeschlagen. Um ihn herzustellen schleppen M\u00e4nner Felsbrocken zum Stra\u00dfenrand. Einer hebt seinen Vorschlaghammer&hellip; <\/p><\/div><\/div>\n\n<\/li><li class=\"wp-block-post post-13 post type-post status-publish format-standard hentry category-erzaehlungen\">\n\n<div class=\"wp-block-group is-layout-flow wp-block-group-is-layout-flow\" style=\"padding-top:30px;padding-right:30px;padding-bottom:30px;padding-left:30px\"><h2 class=\"wp-block-post-title\"><a href=\"https:\/\/pw-design.jfl-staging.de\/design-eins-b\/2025\/04\/17\/to-be-someone\/\" target=\"_self\" >To be someone<\/a><\/h2>\n\n<div class=\"wp-block-post-date\"><time datetime=\"2025-04-17T15:56:43+02:00\">17. April 2025<\/time><\/div>\n\n<div class=\"wp-block-post-excerpt\"><p class=\"wp-block-post-excerpt__excerpt\">Das Klacken eines Absatzes ist auf dem Gang zu h\u00f6ren. Pause. Ein weiteres Klacken. Pause. Die T\u00fcrklinke senkt sich. Ein St\u00f6ckelschuh erscheint im Spalt; knarrend schwingt die T\u00fcre auf. \u201eBonjour\u201c, meint Fatouma. Aber ihre Stimme klingt nicht nach einem guten Tag, sie klingt nach Unbehagen. Weil sie heute auf den Handwerkermarkt Katako muss. Die Wege&hellip; <\/p><\/div><\/div>\n\n<\/li><li class=\"wp-block-post post-12 post type-post status-publish format-standard hentry category-reflektionen\">\n\n<div class=\"wp-block-group is-layout-flow wp-block-group-is-layout-flow\" style=\"padding-top:30px;padding-right:30px;padding-bottom:30px;padding-left:30px\"><h2 class=\"wp-block-post-title\"><a href=\"https:\/\/pw-design.jfl-staging.de\/design-eins-b\/2025\/04\/17\/gesehen-werden\/\" target=\"_self\" >Gesehen werden<\/a><\/h2>\n\n<div class=\"wp-block-post-date\"><time datetime=\"2025-04-17T15:48:31+02:00\">17. April 2025<\/time><\/div>\n\n<div class=\"wp-block-post-excerpt\"><p class=\"wp-block-post-excerpt__excerpt\">\u201eDas ist das erste Mal, dass jemand hierherkommt und mir zuh\u00f6rt.\u201c Bis heute erinnere mich an das Gesicht der jungen Frau, die das sagte. Irgendwo weitab von den Metropolen. In einem Land im S\u00fcden Afrikas. Sie stellte Seife her, daran erinnere mich. Und Marmelade sowie getrocknete Fr\u00fcchte. Die kleine Boutique, in der sie ihre Waren&hellip; <\/p><\/div><\/div>\n\n<\/li><li class=\"wp-block-post post-6 post type-post status-publish format-standard hentry category-allgemein\">\n\n<div class=\"wp-block-group is-layout-flow wp-block-group-is-layout-flow\" style=\"padding-top:30px;padding-right:30px;padding-bottom:30px;padding-left:30px\"><h2 class=\"wp-block-post-title\"><a href=\"https:\/\/pw-design.jfl-staging.de\/design-eins-b\/2025\/04\/10\/hallo-welt-2\/\" target=\"_self\" >Hallo Welt!<\/a><\/h2>\n\n<div class=\"wp-block-post-date\"><time datetime=\"2025-04-10T14:22:56+02:00\">10. April 2025<\/time><\/div>\n\n<div class=\"wp-block-post-excerpt\"><p class=\"wp-block-post-excerpt__excerpt\">Willkommen bei WordPress. Dies ist dein erster Beitrag. Bearbeite oder l\u00f6sche ihn und beginne mit dem Schreiben! <\/p><\/div><\/div>\n\n<\/li><\/ul><\/div>\n","protected":false},"excerpt":{"rendered":"","protected":false},"author":1,"featured_media":0,"parent":0,"menu_order":0,"comment_status":"closed","ping_status":"closed","template":"","meta":{"footnotes":""},"class_list":["post-31","page","type-page","status-publish","hentry"],"_links":{"self":[{"href":"https:\/\/pw-design.jfl-staging.de\/design-eins-b\/wp-json\/wp\/v2\/pages\/31","targetHints":{"allow":["GET"]}}],"collection":[{"href":"https:\/\/pw-design.jfl-staging.de\/design-eins-b\/wp-json\/wp\/v2\/pages"}],"about":[{"href":"https:\/\/pw-design.jfl-staging.de\/design-eins-b\/wp-json\/wp\/v2\/types\/page"}],"author":[{"embeddable":true,"href":"https:\/\/pw-design.jfl-staging.de\/design-eins-b\/wp-json\/wp\/v2\/users\/1"}],"replies":[{"embeddable":true,"href":"https:\/\/pw-design.jfl-staging.de\/design-eins-b\/wp-json\/wp\/v2\/comments?post=31"}],"version-history":[{"count":11,"href":"https:\/\/pw-design.jfl-staging.de\/design-eins-b\/wp-json\/wp\/v2\/pages\/31\/revisions"}],"predecessor-version":[{"id":82,"href":"https:\/\/pw-design.jfl-staging.de\/design-eins-b\/wp-json\/wp\/v2\/pages\/31\/revisions\/82"}],"wp:attachment":[{"href":"https:\/\/pw-design.jfl-staging.de\/design-eins-b\/wp-json\/wp\/v2\/media?parent=31"}],"curies":[{"name":"wp","href":"https:\/\/api.w.org\/{rel}","templated":true}]}}